{"id":3866,"date":"2025-11-20T17:07:23","date_gmt":"2025-11-20T16:07:23","guid":{"rendered":"https:\/\/velorastyle.pl\/?page_id=3866"},"modified":"2025-11-20T20:17:40","modified_gmt":"2025-11-20T19:17:40","slug":"porownaj","status":"publish","type":"page","link":"https:\/\/velorastyle.pl\/en\/porownaj\/","title":{"rendered":"Por\u00f3wnaj"},"content":{"rendered":"<p class=\"wd-empty-compare wd-empty-page\">\n\t\t\tCompare list is empty.\t\t<\/p>\n\t\t\t\t\t<div class=\"wd-empty-page-text\">\n\t\t\t\tBrak produkt\u00f3w na li\u015bcie por\u00f3wnawczej. Musisz doda\u0107 kilka produkt\u00f3w, aby je por\u00f3wna\u0107. Wiele interesuj\u0105cych produkt\u00f3w znajdziesz na naszej stronie \u201eSklep\u201d.\t\t\t<\/div>\n\t\t\t\t<p class=\"return-to-shop\">\n\t\t\t<a class=\"button\" href=\"https:\/\/velorastyle.pl\/en\/sklep\/\">\n\t\t\t\tReturn to shop\t\t\t<\/a>\n\t\t<\/p>","protected":false},"excerpt":{"rendered":"","protected":false},"author":1,"featured_media":0,"parent":0,"menu_order":0,"comment_status":"closed","ping_status":"closed","template":"","meta":{"footnotes":""},"class_list":["post-3866","page","type-page","status-publish","hentry"],"jetpack_sharing_enabled":true,"_links":{"self":[{"href":"https:\/\/velorastyle.pl\/en\/wp-json\/wp\/v2\/pages\/3866","targetHints":{"allow":["GET"]}}],"collection":[{"href":"https:\/\/velorastyle.pl\/en\/wp-json\/wp\/v2\/pages"}],"about":[{"href":"https:\/\/velorastyle.pl\/en\/wp-json\/wp\/v2\/types\/page"}],"author":[{"embeddable":true,"href":"https:\/\/velorastyle.pl\/en\/wp-json\/wp\/v2\/users\/1"}],"replies":[{"embeddable":true,"href":"https:\/\/velorastyle.pl\/en\/wp-json\/wp\/v2\/comments?post=3866"}],"version-history":[{"count":2,"href":"https:\/\/velorastyle.pl\/en\/wp-json\/wp\/v2\/pages\/3866\/revisions"}],"predecessor-version":[{"id":3953,"href":"https:\/\/velorastyle.pl\/en\/wp-json\/wp\/v2\/pages\/3866\/revisions\/3953"}],"wp:attachment":[{"href":"https:\/\/velorastyle.pl\/en\/wp-json\/wp\/v2\/media?parent=3866"}],"curies":[{"name":"wp","href":"https:\/\/api.w.org\/{rel}","templated":true}]}}